{"id":1441,"date":"2018-11-17T22:00:40","date_gmt":"2018-11-17T21:00:40","guid":{"rendered":"http:\/\/rv-kirrlach.com\/?page_id=1441"},"modified":"2020-01-12T18:51:10","modified_gmt":"2020-01-12T17:51:10","slug":"lauftermine","status":"publish","type":"page","link":"https:\/\/rv-kirrlach.com\/?page_id=1441","title":{"rendered":"Laufteam"},"content":{"rendered":"<p>Bei den folgenden Lauftermine, starten erfahrungsgem\u00e4\u00df einige L\u00e4ufer f\u00fcr den Radfahrerverein Kirrlach.<br \/>\nBei Interesse setzt euch bitte bez\u00fcglich Terminvereinbarung, Fahrgemeinschaft, Anmeldung etc., untereinander in Verbindung.<br \/>\nMeldet euch bei den Veranstaltungen unter <strong>Radfahrerverein Kirrlach<\/strong> an. Besonders wichtig bei Mannschaftswertung!<\/p>\n<p>Fitnesslauf \u00d6stringen<\/p>\n<p>Berglauf Neckargem\u00fcnd<\/p>\n<p>Dossenheimer Berglauf<\/p>\n<p>Kalmit Berglauf Maikammer<\/p>\n<p>Nikolauslauf Ha\u00dfloch<\/p>\n<p>Nikolauslauf Bad Sch\u00f6nborn<\/p>\n<p>Winterlaufserie Rheinzabern<\/p>\n<p>Silvesterlauf Schifferstadt<\/p>\n<p>Dreik\u00f6nigslauf Dielheim<\/p>\n<p>Winterlaufserie Rheinzabern<\/p>\n<p>Winterlaufserie Rheinzabern<\/p>\n<p>Donnersberglauf Steinbach<\/p>\n<p>Bienwald Marathon Kandel<\/p>\n<p>Alle Angaben wie immer ohne Gew\u00e4hr!<br \/>\nWeitere Informationen findet man in den Internetseiten der jeweiligen Veranstaltung.<\/p>\n","protected":false},"excerpt":{"rendered":"<p>Bei den folgenden Lauftermine, starten erfahrungsgem\u00e4\u00df einige L\u00e4ufer f\u00fcr den Radfahrerverein Kirrlach. Bei Interesse setzt euch bitte bez\u00fcglich Terminvereinbarung, Fahrgemeinschaft, Anmeldung etc., untereinander in Verbindung. Meldet euch bei den Veranstaltungen unter Radfahrerverein Kirrlach an. Besonders wichtig bei Mannschaftswertung! Fitnesslauf \u00d6stringen Berglauf Neckargem\u00fcnd Dossenheimer Berglauf Kalmit Berglauf Maikammer Nikolauslauf Ha\u00dfloch Nikolauslauf Bad Sch\u00f6nborn Winterlaufserie Rheinzabern Silvesterlauf &hellip; <\/p>\n<p><a class=\"more-link btn\" href=\"https:\/\/rv-kirrlach.com\/?page_id=1441\">Weiterlesen<\/a><\/p>\n","protected":false},"author":1,"featured_media":0,"parent":0,"menu_order":0,"comment_status":"closed","ping_status":"closed","template":"","meta":{"footnotes":"","_links_to":"","_links_to_target":""},"class_list":["post-1441","page","type-page","status-publish","hentry","nodate","item-wrap"],"_links":{"self":[{"href":"https:\/\/rv-kirrlach.com\/index.php?rest_route=\/wp\/v2\/pages\/1441","targetHints":{"allow":["GET"]}}],"collection":[{"href":"https:\/\/rv-kirrlach.com\/index.php?rest_route=\/wp\/v2\/pages"}],"about":[{"href":"https:\/\/rv-kirrlach.com\/index.php?rest_route=\/wp\/v2\/types\/page"}],"author":[{"embeddable":true,"href":"https:\/\/rv-kirrlach.com\/index.php?rest_route=\/wp\/v2\/users\/1"}],"replies":[{"embeddable":true,"href":"https:\/\/rv-kirrlach.com\/index.php?rest_route=%2Fwp%2Fv2%2Fcomments&post=1441"}],"version-history":[{"count":5,"href":"https:\/\/rv-kirrlach.com\/index.php?rest_route=\/wp\/v2\/pages\/1441\/revisions"}],"predecessor-version":[{"id":1641,"href":"https:\/\/rv-kirrlach.com\/index.php?rest_route=\/wp\/v2\/pages\/1441\/revisions\/1641"}],"wp:attachment":[{"href":"https:\/\/rv-kirrlach.com\/index.php?rest_route=%2Fwp%2Fv2%2Fmedia&parent=1441"}],"curies":[{"name":"wp","href":"https:\/\/api.w.org\/{rel}","templated":true}]}}